{"id":7492,"date":"2020-02-10T15:58:32","date_gmt":"2020-02-10T18:58:32","guid":{"rendered":"http:\/\/162.241.52.5\/~expormanequins\/novosite\/?page_id=7492"},"modified":"2020-02-10T18:46:49","modified_gmt":"2020-02-10T21:46:49","slug":"hans-boodt","status":"publish","type":"page","link":"https:\/\/expormanequins.com.br\/site\/hans-boodt\/","title":{"rendered":"Hans Boodt"},"content":{"rendered":"\n\t\t\t<!-- START BannerHansBoodt REVOLUTION SLIDER 6.0.9 --><p class=\"rs-p-wp-fix\"><\/p>\n\t\t\t<rs-module-wrap id=\"rev_slider_15_1_wrapper\" data-source=\"gallery\" style=\"background:transparent;padding:0;margin:0px auto;margin-top:0;margin-bottom:0;\">\n\t\t\t\t<rs-module id=\"rev_slider_15_1\" style=\"display:none;\" data-version=\"6.0.9\">\n\t\t\t\t\t<rs-slides>\n\t\t\t\t\t\t<rs-slide data-key=\"rs-18\" data-title=\"Slide\" data-anim=\"ei:d;eo:d;s:1000;r:0;t:fade;sl:0;\">\n\t\t\t\t\t\t\t<img loading=\"lazy\" decoding=\"async\" src=\"\/\/expormanequins.com.br\/site\/wp-content\/uploads\/2020\/02\/hans-teste.png\" title=\"hans-teste\" width=\"1920\" height=\"837\" data-bg=\"p:130% 0%;\" class=\"rev-slidebg\" data-no-retina>\n<!---->\t\t\t\t\t\t<\/rs-slide>\n\t\t\t\t\t<\/rs-slides>\n\t\t\t\t\t<rs-progress class=\"rs-bottom\" style=\"visibility: hidden !important;\"><\/rs-progress>\n\t\t\t\t<\/rs-module>\n\t\t\t\t<script type=\"text\/javascript\">\n\t\t\t\t\tsetREVStartSize({c: 'rev_slider_15_1',rl:[1240,1024,778,480],el:[837],gw:[1920],gh:[837],layout:'fullwidth',mh:\"0\"});\n\t\t\t\t\tvar\trevapi15,\n\t\t\t\t\t\ttpj;\n\t\t\t\t\tjQuery(function() {\n\t\t\t\t\t\ttpj = jQuery;\n\t\t\t\t\t\tif(tpj(\"#rev_slider_15_1\").revolution == undefined){\n\t\t\t\t\t\t\trevslider_showDoubleJqueryError(\"#rev_slider_15_1\");\n\t\t\t\t\t\t}else{\n\t\t\t\t\t\t\trevapi15 = tpj(\"#rev_slider_15_1\").show().revolution({\n\t\t\t\t\t\t\t\tjsFileLocation:\"\/\/expormanequins.com.br\/site\/wp-content\/plugins\/revslider\/public\/assets\/js\/\",\n\t\t\t\t\t\t\t\tsliderLayout:\"fullwidth\",\n\t\t\t\t\t\t\t\tvisibilityLevels:\"1240,1024,778,480\",\n\t\t\t\t\t\t\t\tgridwidth:1920,\n\t\t\t\t\t\t\t\tgridheight:837,\n\t\t\t\t\t\t\t\tminHeight:\"\",\n\t\t\t\t\t\t\t\tspinner:\"spinner0\",\n\t\t\t\t\t\t\t\teditorheight:\"837,768,960,747\",\n\t\t\t\t\t\t\t\tresponsiveLevels:\"1240,1024,778,480\",\n\t\t\t\t\t\t\t\tdisableProgressBar:\"on\",\n\t\t\t\t\t\t\t\tnavigation: {\n\t\t\t\t\t\t\t\t\tonHoverStop:false\n\t\t\t\t\t\t\t\t},\n\t\t\t\t\t\t\t\tfallbacks: {\n\t\t\t\t\t\t\t\t\tallowHTML5AutoPlayOnAndroid:true\n\t\t\t\t\t\t\t\t},\n\t\t\t\t\t\t\t});\n\t\t\t\t\t\t}\n\t\t\t\t\t\t\n\t\t\t\t\t});\n\t\t\t\t<\/script>\n\t\t\t<\/rs-module-wrap>\n\t\t\t<!-- END REVOLUTION SLIDER -->\n\n<h3 class=\"lifestyleTituloPrincipal\">HANS BOODT<\/h3>\n<div class=\"gap-element\" style=\"display:block; height:auto; padding-top:0px\" class=\"clearfix\"><\/div>\n<div class=\"row\"  id=\"row-267125805\">\n<div class=\"col medium-2 small-12 large-2\"  ><div class=\"col-inner\"  >\n<\/div><\/div>\n<div class=\"col medium-8 small-12 large-8\"  ><div class=\"col-inner\"  >\n<p style=\"text-align: justify;\">N\u00f3s da Expor Manequins somos apaixonados pelo que fazemos e ao escolher nossos parceiros buscamos a mesma paix\u00e3o. Somos l\u00edderes do mercado latino americano, e desde 2013 somos Distribuidores Exclusivos da Hans Boodt na Am\u00e9rica Latina.<\/p>\n<p style=\"text-align: justify;\">A linha de manequins da Hans Boodt veio complementar estrategicamente a variedade de modelos oferecidos pela Expor ao mercado nacional, sendo tamb\u00e9m uma oportunidade para a Hans Boodt de fornecer aten\u00e7\u00e3o de primeira qualidade para seus clientes europeus que est\u00e3o expandindo seus neg\u00f3cios para a Am\u00e9rica Latina.<\/p>\n<p style=\"text-align: justify;\">A Hans Boodt tem investido pesadamente em design, criando personagens que se destacam no panorama das vitrines, entre eles, os j\u00e1 consagrados entre nossos clientes, Ugly&#8217;s, Kissing Couple, Shapes, Shoelace, Movement, e tantos outros que ajudam a compor o ambiente nas lojas, criando empatia e mais vendas para os varejistas.<\/p>\n<p style=\"text-align: justify;\">O cuidado com suas cole\u00e7\u00f5es, a aten\u00e7\u00e3o personalizada ao cliente e a expertise na solu\u00e7\u00e3o ideal s\u00e3o valores compartilhados que fizeram desta parceria um caminho natural para as empresas unirem seus esfor\u00e7os e conhecimentos no mercado latino americano.<\/p>\n<a href=\"https:\/\/www.hansboodtmanequinsparaloja.com.br\/\" target=\"_self\" class=\"button primary is-outline lowercase botao-encomenda\"  >\n    <span>Veja aqui os manequins dispon\u00edveis<\/span>\n  <\/a>\n\n<\/div><\/div>\n<div class=\"col medium-2 small-12 large-2\"  ><div class=\"col-inner\"  >\n<\/div><\/div>\n<\/div>\n<div class=\"row\"  id=\"row-1794707463\">\n<div class=\"col small-12 large-12\"  ><div class=\"col-inner\"  >\n<div class=\"social-icons follow-icons full-width text-center\" ><a href=\"https:\/\/www.facebook.com\/ExporManequins?fref=ts\" target=\"_blank\" data-label=\"Facebook\"  rel=\"noopener noreferrer nofollow\" class=\"icon button circle is-outline facebook tooltip\" title=\"Follow on Facebook\"><i class=\"icon-facebook\" ><\/i><\/a><a href=\"https:\/\/www.instagram.com\/expormanequins\/\" target=\"_blank\" rel=\"noopener noreferrer nofollow\" data-label=\"Instagram\" class=\"icon button circle is-outline  instagram tooltip\" title=\"Follow on Instagram\"><i class=\"icon-instagram\" ><\/i><\/a><a href=\"https:\/\/www.linkedin.com\/company\/expor-mannequins\/?originalSubdomain=pt\" target=\"_blank\" rel=\"noopener noreferrer nofollow\" data-label=\"LinkedIn\" class=\"icon button circle is-outline  linkedin tooltip\" title=\"Follow on LinkedIn\"><i class=\"icon-linkedin\" ><\/i><\/a><\/div>\n<\/div><\/div>\n<\/div>\n","protected":false},"excerpt":{"rendered":"<p>HANS BOODT<\/p>\n","protected":false},"author":1,"featured_media":0,"parent":0,"menu_order":1,"comment_status":"closed","ping_status":"closed","template":"page-blank.php","meta":{"footnotes":"","_joinchat":[]},"_links":{"self":[{"href":"https:\/\/expormanequins.com.br\/site\/wp-json\/wp\/v2\/pages\/7492"}],"collection":[{"href":"https:\/\/expormanequins.com.br\/site\/wp-json\/wp\/v2\/pages"}],"about":[{"href":"https:\/\/expormanequins.com.br\/site\/wp-json\/wp\/v2\/types\/page"}],"author":[{"embeddable":true,"href":"https:\/\/expormanequins.com.br\/site\/wp-json\/wp\/v2\/users\/1"}],"replies":[{"embeddable":true,"href":"https:\/\/expormanequins.com.br\/site\/wp-json\/wp\/v2\/comments?post=7492"}],"version-history":[{"count":0,"href":"https:\/\/expormanequins.com.br\/site\/wp-json\/wp\/v2\/pages\/7492\/revisions"}],"wp:attachment":[{"href":"https:\/\/expormanequins.com.br\/site\/wp-json\/wp\/v2\/media?parent=7492"}],"curies":[{"name":"wp","href":"https:\/\/api.w.org\/{rel}","templated":true}]}}