{"id":1559,"date":"2019-12-09T11:30:36","date_gmt":"2019-12-09T14:30:36","guid":{"rendered":"http:\/\/162.241.52.5\/~expormanequins\/novosite\/?page_id=1559"},"modified":"2020-02-14T22:18:24","modified_gmt":"2020-02-15T01:18:24","slug":"men-xxl","status":"publish","type":"page","link":"https:\/\/expormanequins.com.br\/site\/men-xxl\/","title":{"rendered":"Men XXL"},"content":{"rendered":"\n\t\t\t<!-- START BannerLinhaMasculino REVOLUTION SLIDER 6.0.9 --><p class=\"rs-p-wp-fix\"><\/p>\n\t\t\t<rs-module-wrap id=\"rev_slider_11_1_wrapper\" data-source=\"gallery\" style=\"background:transparent;padding:0;margin:0px auto;margin-top:0;margin-bottom:0;\">\n\t\t\t\t<rs-module id=\"rev_slider_11_1\" style=\"display:none;\" data-version=\"6.0.9\">\n\t\t\t\t\t<rs-slides>\n\t\t\t\t\t\t<rs-slide data-key=\"rs-14\" data-title=\"Slide\" data-anim=\"ei:d;eo:d;s:1000;r:0;t:fade;sl:0;\">\n\t\t\t\t\t\t\t<img loading=\"lazy\" decoding=\"async\" src=\"\/\/expormanequins.com.br\/site\/wp-content\/uploads\/2019\/12\/banner-masculino.jpg\" title=\"banner masculino\" width=\"1920\" height=\"837\" data-bg=\"p:130% 0%;\" class=\"rev-slidebg\" data-no-retina>\n<!---->\t\t\t\t\t\t<\/rs-slide>\n\t\t\t\t\t<\/rs-slides>\n\t\t\t\t\t<rs-progress class=\"rs-bottom\" style=\"visibility: hidden !important;\"><\/rs-progress>\n\t\t\t\t<\/rs-module>\n\t\t\t\t<script type=\"text\/javascript\">\n\t\t\t\t\tsetREVStartSize({c: 'rev_slider_11_1',rl:[1240,1024,778,480],el:[837],gw:[1920],gh:[837],layout:'fullwidth',mh:\"0\"});\n\t\t\t\t\tvar\trevapi11,\n\t\t\t\t\t\ttpj;\n\t\t\t\t\tjQuery(function() {\n\t\t\t\t\t\ttpj = jQuery;\n\t\t\t\t\t\tif(tpj(\"#rev_slider_11_1\").revolution == undefined){\n\t\t\t\t\t\t\trevslider_showDoubleJqueryError(\"#rev_slider_11_1\");\n\t\t\t\t\t\t}else{\n\t\t\t\t\t\t\trevapi11 = tpj(\"#rev_slider_11_1\").show().revolution({\n\t\t\t\t\t\t\t\tjsFileLocation:\"\/\/expormanequins.com.br\/site\/wp-content\/plugins\/revslider\/public\/assets\/js\/\",\n\t\t\t\t\t\t\t\tsliderLayout:\"fullwidth\",\n\t\t\t\t\t\t\t\tvisibilityLevels:\"1240,1024,778,480\",\n\t\t\t\t\t\t\t\tgridwidth:1920,\n\t\t\t\t\t\t\t\tgridheight:837,\n\t\t\t\t\t\t\t\tminHeight:\"\",\n\t\t\t\t\t\t\t\tspinner:\"spinner0\",\n\t\t\t\t\t\t\t\teditorheight:\"837,768,960,747\",\n\t\t\t\t\t\t\t\tresponsiveLevels:\"1240,1024,778,480\",\n\t\t\t\t\t\t\t\tdisableProgressBar:\"on\",\n\t\t\t\t\t\t\t\tnavigation: {\n\t\t\t\t\t\t\t\t\tonHoverStop:false\n\t\t\t\t\t\t\t\t},\n\t\t\t\t\t\t\t\tfallbacks: {\n\t\t\t\t\t\t\t\t\tallowHTML5AutoPlayOnAndroid:true\n\t\t\t\t\t\t\t\t},\n\t\t\t\t\t\t\t});\n\t\t\t\t\t\t}\n\t\t\t\t\t\t\n\t\t\t\t\t});\n\t\t\t\t<\/script>\n\t\t\t<\/rs-module-wrap>\n\t\t\t<!-- END REVOLUTION SLIDER -->\n\n<h3 class=\"cosmopolitanTituloPrincipal\">COLE\u00c7\u00d5ES \/ MASCULINO<\/h3>\n<div class=\"row home-Colecoes\"  id=\"row-262301798\">\n<div class=\"col manequinsCosmopolitanFeminino small-12 large-12\"  ><div class=\"col-inner text-center\"  >\n<hr class=\"linha textoTituloCosmopolitan\" style=\"color:#939598;border:2px solid #939598; width:12.5%;\">\n<h3 class=\"cosmopolitanTitulo1 textoTituloCosmopolitan\" style=\"color:#929497;font-size: 12px; font-weight:300;letter-spacing: 0px;\">COLE\u00c7\u00d5ES \/ MASCULINO<\/h3>\n\t<div class=\"img has-hover x md-x lg-x y md-y lg-y\" id=\"image_676052086\">\n\t\t\t\t\t\t\t\t<div class=\"img-inner dark\" >\n\t\t\t<img loading=\"lazy\" decoding=\"async\" width=\"1396\" height=\"699\" src=\"https:\/\/expormanequins.com.br\/site\/wp-content\/uploads\/2019\/12\/men-xxl-masculino-novo.png\" class=\"attachment-original size-original\" alt=\"\" srcset=\"https:\/\/expormanequins.com.br\/site\/wp-content\/uploads\/2019\/12\/men-xxl-masculino-novo.png 1396w, https:\/\/expormanequins.com.br\/site\/wp-content\/uploads\/2019\/12\/men-xxl-masculino-novo-500x250.png 500w, https:\/\/expormanequins.com.br\/site\/wp-content\/uploads\/2019\/12\/men-xxl-masculino-novo-800x400.png 800w, https:\/\/expormanequins.com.br\/site\/wp-content\/uploads\/2019\/12\/men-xxl-masculino-novo-768x385.png 768w\" sizes=\"(max-width: 1396px) 100vw, 1396px\" \/>\t\t\t\t\t\t\n\t\t\t\t\t<\/div>\n\t\t\t\t\t\t\t\t\n<style scope=\"scope\">\n\n#image_676052086 {\n  width: 100%;\n}\n<\/style>\n\t<\/div>\n\t\n<h3 class=\"colecoesTitulo1\">MEN XXL<\/h3>\n<\/div><\/div>\n\n<style scope=\"scope\">\n\n<\/style>\n<\/div>\n<div class=\"row row-collapse row-full-width\"  id=\"row-1302865077\">\n<div class=\"col cosmopolitanAccordion small-12 large-12\"  ><div class=\"col-inner text-center\" style=\"max-width:100%;\" >\n<div class=\"woocommerce columns-1 \">\t<div class=\"products row row-small large-columns-1 medium-columns-3 small-columns-2\">\n\t\n<div class=\"product-small col has-hover product type-product post-1318 status-publish first instock product_cat-masculino product_cat-men-xxl has-post-thumbnail shipping-taxable product-type-simple\">\n\t<div class=\"col-inner\">\n\t\n<div class=\"badge-container absolute left top z-1\">\n<\/div>\n\t<div class=\"product-small box \">\n\t\t<div class=\"box-image\">\n\t\t\t<div class=\"image-fade_in_back\">\n\t\t\t\t<a href=\"https:\/\/expormanequins.com.br\/site\/product\/310\/\">\n\t\t\t\t\t<img loading=\"lazy\" decoding=\"async\" width=\"500\" height=\"500\" src=\"https:\/\/expormanequins.com.br\/site\/wp-content\/uploads\/2019\/12\/310-500x500.png\" class=\"attachment-woocommerce_thumbnail size-woocommerce_thumbnail\" alt=\"\" srcset=\"https:\/\/expormanequins.com.br\/site\/wp-content\/uploads\/2019\/12\/310-500x500.png 500w, https:\/\/expormanequins.com.br\/site\/wp-content\/uploads\/2019\/12\/310-800x800.png 800w, https:\/\/expormanequins.com.br\/site\/wp-content\/uploads\/2019\/12\/310-280x280.png 280w, https:\/\/expormanequins.com.br\/site\/wp-content\/uploads\/2019\/12\/310-768x768.png 768w, https:\/\/expormanequins.com.br\/site\/wp-content\/uploads\/2019\/12\/310-100x100.png 100w, https:\/\/expormanequins.com.br\/site\/wp-content\/uploads\/2019\/12\/310.png 1000w\" sizes=\"(max-width: 500px) 100vw, 500px\" \/>\t\t\t\t<\/a>\n\t\t\t<\/div>\n\t\t\t<div class=\"image-tools is-small top right show-on-hover\">\n\t\t\t\t\t\t\t<\/div>\n\t\t\t<div class=\"image-tools is-small hide-for-small bottom left show-on-hover\">\n\t\t\t\t\t\t\t<\/div>\n\t\t\t<div class=\"image-tools grid-tools text-center hide-for-small bottom hover-slide-in show-on-hover\">\n\t\t\t\t  <a class=\"quick-view\" data-prod=\"1318\" href=\"#quick-view\">Visualiza\u00e7\u00e3o R\u00e1pida<\/a>\t\t\t<\/div>\n\t\t\t\t\t<\/div><!-- box-image -->\n\n\t\t<div class=\"box-text box-text-products\">\n\t\t\t<div class=\"title-wrapper\"><p class=\"name product-title\"><a href=\"https:\/\/expormanequins.com.br\/site\/product\/310\/\">310<\/a><\/p><\/div><div class=\"price-wrapper\">\n<\/div>\t\t<\/div><!-- box-text -->\n\t<\/div><!-- box -->\n\t\t<\/div><!-- .col-inner -->\n<\/div><!-- col -->\n<\/div><!-- row --><\/div>\n<div class=\"accordion\" rel=\"\">\n<div class=\"accordion-item\"><a href=\"#\" class=\"accordion-title plain\"><button class=\"toggle\"><i class=\"icon-angle-down\"><\/i><\/button><span>Accordion Panel<\/span><\/a><div class=\"accordion-inner\">\n<table class=\"cosmopolitanTabela\">\n<thead>\n<th><\/th>\n<th>US<\/th>\n<th>BR<\/th>\n<th>\n<div class=\"yith-ywraq-add-to-quote add-to-quote-1318\">\n<div class=\"yith-ywraq-add-button2 show\" style=\"display:block\"><a href=\"#\" class=\"add-request-quote-button button2\" data-product_id=\"1318\" data-wp_nonce=\"0f4e5a0cc6\"><img decoding=\"async\" class=\"wishlistImagem\" src=\"http:\/\/expormanequins.com.br\/site\/wp-content\/uploads\/2019\/11\/whish-list-01.png\"\/><\/a><\/div>\n<div class=\"yith_ywraq_add_item_response yith_ywraq_add_item_response_message\" style=\"display:none\">Produto adicionado<\/div>\n<div class=\"yith_ywraq_add_item_browse-list yith_ywraq_add_item_browse_message\" style=\"display:none\"><a href=\"http:\/\/expormanequins.com.br\/site\/wishlist\/\">Navegar na lista<\/a><\/div>\n<\/div>\n<\/th>\n<\/thead>\n<tbody>\n<tr>\n<td>ALTURA<\/td>\n<td>63&#8243;<\/td>\n<td>189 cm<\/td>\n<td rowspan=\"6\" colspan=\"2\"><\/td>\n<\/tr>\n<tr>\n<td>BUSTO<\/td>\n<td>39&#8243;<\/td>\n<td>118 cm<\/td>\n<td colspan=\"2\"><\/td>\n<\/tr>\n<tr>\n<td>CINTURA<\/td>\n<td>32&#8243;<\/td>\n<td>104 cm<\/td>\n<td colspan=\"2\"><\/td>\n<\/tr>\n<tr>\n<!--\n\n<td>QUADRIL<\/td>\n\n\n\n<td>37\"<\/td>\n\n\n\n<td>95 cm<\/td>\n\n\n\n<td colspan=\"2\"><\/td>\n\n<\/tr>\n\n--><\/p>\n<td>SAPATO<\/td>\n<td>12 1\/2\u201c<\/td>\n<td>44<\/td>\n<td colspan=\"2\"><\/td>\n<\/tr>\n<tr>\n<td>CABE\u00c7A<\/td>\n<td>PA50<\/td>\n<td><\/td>\n<td colspan=\"2\"><\/td>\n<\/tr>\n<tbody>\n<\/table>\n<\/div><\/div>\n<\/div>\n<\/div><\/div>\n<div class=\"col cosmopolitanAccordion small-12 large-12\"  ><div class=\"col-inner text-center\" style=\"max-width:100%;\" >\n<div class=\"woocommerce columns-1 \">\t<div class=\"products row row-small large-columns-1 medium-columns-3 small-columns-2\">\n\t\n<div class=\"product-small col has-hover product type-product post-1319 status-publish first instock product_cat-masculino product_cat-men-xxl has-post-thumbnail shipping-taxable product-type-simple\">\n\t<div class=\"col-inner\">\n\t\n<div class=\"badge-container absolute left top z-1\">\n<\/div>\n\t<div class=\"product-small box \">\n\t\t<div class=\"box-image\">\n\t\t\t<div class=\"image-fade_in_back\">\n\t\t\t\t<a href=\"https:\/\/expormanequins.com.br\/site\/product\/311\/\">\n\t\t\t\t\t<img loading=\"lazy\" decoding=\"async\" width=\"500\" height=\"500\" src=\"https:\/\/expormanequins.com.br\/site\/wp-content\/uploads\/2019\/12\/311-500x500.png\" class=\"attachment-woocommerce_thumbnail size-woocommerce_thumbnail\" alt=\"\" srcset=\"https:\/\/expormanequins.com.br\/site\/wp-content\/uploads\/2019\/12\/311-500x500.png 500w, https:\/\/expormanequins.com.br\/site\/wp-content\/uploads\/2019\/12\/311-800x800.png 800w, https:\/\/expormanequins.com.br\/site\/wp-content\/uploads\/2019\/12\/311-280x280.png 280w, https:\/\/expormanequins.com.br\/site\/wp-content\/uploads\/2019\/12\/311-768x768.png 768w, https:\/\/expormanequins.com.br\/site\/wp-content\/uploads\/2019\/12\/311-100x100.png 100w, https:\/\/expormanequins.com.br\/site\/wp-content\/uploads\/2019\/12\/311.png 1000w\" sizes=\"(max-width: 500px) 100vw, 500px\" \/>\t\t\t\t<\/a>\n\t\t\t<\/div>\n\t\t\t<div class=\"image-tools is-small top right show-on-hover\">\n\t\t\t\t\t\t\t<\/div>\n\t\t\t<div class=\"image-tools is-small hide-for-small bottom left show-on-hover\">\n\t\t\t\t\t\t\t<\/div>\n\t\t\t<div class=\"image-tools grid-tools text-center hide-for-small bottom hover-slide-in show-on-hover\">\n\t\t\t\t  <a class=\"quick-view\" data-prod=\"1319\" href=\"#quick-view\">Visualiza\u00e7\u00e3o R\u00e1pida<\/a>\t\t\t<\/div>\n\t\t\t\t\t<\/div><!-- box-image -->\n\n\t\t<div class=\"box-text box-text-products\">\n\t\t\t<div class=\"title-wrapper\"><p class=\"name product-title\"><a href=\"https:\/\/expormanequins.com.br\/site\/product\/311\/\">311<\/a><\/p><\/div><div class=\"price-wrapper\">\n<\/div>\t\t<\/div><!-- box-text -->\n\t<\/div><!-- box -->\n\t\t<\/div><!-- .col-inner -->\n<\/div><!-- col -->\n<\/div><!-- row --><\/div>\n<div class=\"accordion\" rel=\"\">\n<div class=\"accordion-item\"><a href=\"#\" class=\"accordion-title plain\"><button class=\"toggle\"><i class=\"icon-angle-down\"><\/i><\/button><span>Accordion Panel<\/span><\/a><div class=\"accordion-inner\">\n<table class=\"cosmopolitanTabela\">\n<thead>\n<th><\/th>\n<th>US<\/th>\n<th>BR<\/th>\n<th>\n<div class=\"yith-ywraq-add-to-quote add-to-quote-1319\">\n<div class=\"yith-ywraq-add-button2 show\" style=\"display:block\"><a href=\"#\" class=\"add-request-quote-button button2\" data-product_id=\"1319\" data-wp_nonce=\"efb41bcf5c\"><img decoding=\"async\" class=\"wishlistImagem\" src=\"http:\/\/expormanequins.com.br\/site\/wp-content\/uploads\/2019\/11\/whish-list-01.png\"\/><\/a><\/div>\n<div class=\"yith_ywraq_add_item_response yith_ywraq_add_item_response_message\" style=\"display:none\">Produto adicionado<\/div>\n<div class=\"yith_ywraq_add_item_browse-list yith_ywraq_add_item_browse_message\" style=\"display:none\"><a href=\"http:\/\/expormanequins.com.br\/site\/wishlist\/\">Navegar na lista<\/a><\/div>\n<\/div>\n<\/th>\n<\/thead>\n<tbody>\n<tr>\n<td>ALTURA<\/td>\n<td>63&#8243;<\/td>\n<td>189 cm<\/td>\n<td rowspan=\"6\" colspan=\"2\"><\/td>\n<\/tr>\n<tr>\n<td>BUSTO<\/td>\n<td>39&#8243;<\/td>\n<td>118 cm<\/td>\n<td colspan=\"2\"><\/td>\n<\/tr>\n<tr>\n<td>CINTURA<\/td>\n<td>32&#8243;<\/td>\n<td>104 cm<\/td>\n<td colspan=\"2\"><\/td>\n<\/tr>\n<tr>\n<!--\n\n<td>QUADRIL<\/td>\n\n\n\n<td>37\"<\/td>\n\n\n\n<td>95 cm<\/td>\n\n\n\n<td colspan=\"2\"><\/td>\n\n<\/tr>\n\n--><\/p>\n<tr>\n<td>SAPATO<\/td>\n<td>12 1\/2\u201c<\/td>\n<td>44<\/td>\n<td colspan=\"2\"><\/td>\n<\/tr>\n<tr>\n<td>CABE\u00c7A<\/td>\n<td>PA50<\/td>\n<td><\/td>\n<td colspan=\"2\"><\/td>\n<\/tr>\n<tbody>\n<\/table>\n<\/div><\/div>\n<\/div>\n<\/div><\/div>\n<div class=\"col cosmopolitanAccordion small-12 large-12\"  ><div class=\"col-inner text-center\" style=\"max-width:100%;\" >\n<div class=\"woocommerce columns-1 \">\t<div class=\"products row row-small large-columns-1 medium-columns-3 small-columns-2\">\n\t\n<div class=\"product-small col has-hover product type-product post-1320 status-publish first instock product_cat-masculino product_cat-men-xxl has-post-thumbnail shipping-taxable product-type-simple\">\n\t<div class=\"col-inner\">\n\t\n<div class=\"badge-container absolute left top z-1\">\n<\/div>\n\t<div class=\"product-small box \">\n\t\t<div class=\"box-image\">\n\t\t\t<div class=\"image-fade_in_back\">\n\t\t\t\t<a href=\"https:\/\/expormanequins.com.br\/site\/product\/312\/\">\n\t\t\t\t\t<img loading=\"lazy\" decoding=\"async\" width=\"500\" height=\"500\" src=\"https:\/\/expormanequins.com.br\/site\/wp-content\/uploads\/2019\/12\/312-500x500.png\" class=\"attachment-woocommerce_thumbnail size-woocommerce_thumbnail\" alt=\"\" srcset=\"https:\/\/expormanequins.com.br\/site\/wp-content\/uploads\/2019\/12\/312-500x500.png 500w, https:\/\/expormanequins.com.br\/site\/wp-content\/uploads\/2019\/12\/312-800x800.png 800w, https:\/\/expormanequins.com.br\/site\/wp-content\/uploads\/2019\/12\/312-280x280.png 280w, https:\/\/expormanequins.com.br\/site\/wp-content\/uploads\/2019\/12\/312-768x768.png 768w, https:\/\/expormanequins.com.br\/site\/wp-content\/uploads\/2019\/12\/312-100x100.png 100w, https:\/\/expormanequins.com.br\/site\/wp-content\/uploads\/2019\/12\/312.png 1000w\" sizes=\"(max-width: 500px) 100vw, 500px\" \/>\t\t\t\t<\/a>\n\t\t\t<\/div>\n\t\t\t<div class=\"image-tools is-small top right show-on-hover\">\n\t\t\t\t\t\t\t<\/div>\n\t\t\t<div class=\"image-tools is-small hide-for-small bottom left show-on-hover\">\n\t\t\t\t\t\t\t<\/div>\n\t\t\t<div class=\"image-tools grid-tools text-center hide-for-small bottom hover-slide-in show-on-hover\">\n\t\t\t\t  <a class=\"quick-view\" data-prod=\"1320\" href=\"#quick-view\">Visualiza\u00e7\u00e3o R\u00e1pida<\/a>\t\t\t<\/div>\n\t\t\t\t\t<\/div><!-- box-image -->\n\n\t\t<div class=\"box-text box-text-products\">\n\t\t\t<div class=\"title-wrapper\"><p class=\"name product-title\"><a href=\"https:\/\/expormanequins.com.br\/site\/product\/312\/\">312<\/a><\/p><\/div><div class=\"price-wrapper\">\n<\/div>\t\t<\/div><!-- box-text -->\n\t<\/div><!-- box -->\n\t\t<\/div><!-- .col-inner -->\n<\/div><!-- col -->\n<\/div><!-- row --><\/div>\n<div class=\"accordion\" rel=\"\">\n<div class=\"accordion-item\"><a href=\"#\" class=\"accordion-title plain\"><button class=\"toggle\"><i class=\"icon-angle-down\"><\/i><\/button><span>Accordion Panel<\/span><\/a><div class=\"accordion-inner\">\n<table class=\"cosmopolitanTabela\">\n<thead>\n<th><\/th>\n<th>US<\/th>\n<th>BR<\/th>\n<th>\n<div class=\"yith-ywraq-add-to-quote add-to-quote-1320\">\n<div class=\"yith-ywraq-add-button2 show\" style=\"display:block\"><a href=\"#\" class=\"add-request-quote-button button2\" data-product_id=\"1320\" data-wp_nonce=\"7b78dace35\"><img decoding=\"async\" class=\"wishlistImagem\" src=\"http:\/\/expormanequins.com.br\/site\/wp-content\/uploads\/2019\/11\/whish-list-01.png\"\/><\/a><\/div>\n<div class=\"yith_ywraq_add_item_response yith_ywraq_add_item_response_message\" style=\"display:none\">Produto adicionado<\/div>\n<div class=\"yith_ywraq_add_item_browse-list yith_ywraq_add_item_browse_message\" style=\"display:none\"><a href=\"http:\/\/expormanequins.com.br\/site\/wishlist\/\">Navegar na lista<\/a><\/div>\n<\/div>\n<\/th>\n<\/thead>\n<tbody>\n<tr>\n<td>ALTURA<\/td>\n<td>63&#8243;<\/td>\n<td>189 cm<\/td>\n<td rowspan=\"6\" colspan=\"2\"><\/td>\n<\/tr>\n<tr>\n<td>BUSTO<\/td>\n<td>39&#8243;<\/td>\n<td>118 cm<\/td>\n<td colspan=\"2\"><\/td>\n<\/tr>\n<tr>\n<td>CINTURA<\/td>\n<td>32&#8243;<\/td>\n<td>104 cm<\/td>\n<td colspan=\"2\"><\/td>\n<\/tr>\n<tr>\n<!--\n\n<td>QUADRIL<\/td>\n\n\n\n<td>37\"<\/td>\n\n\n\n<td>95 cm<\/td>\n\n\n\n<td colspan=\"2\"><\/td>\n\n<\/tr>\n\n--><\/p>\n<tr>\n<td>SAPATO<\/td>\n<td>12 1\/2\u201c<\/td>\n<td>44<\/td>\n<td colspan=\"2\"><\/td>\n<\/tr>\n<tr>\n<td>CABE\u00c7A<\/td>\n<td>PA50<\/td>\n<td><\/td>\n<td colspan=\"2\"><\/td>\n<\/tr>\n<tbody>\n<\/table>\n<\/div><\/div>\n<\/div>\n<\/div><\/div>\n<div class=\"col cosmopolitanAccordion small-12 large-12\"  ><div class=\"col-inner text-center\" style=\"max-width:100%;\" >\n<div class=\"woocommerce columns-1 \">\t<div class=\"products row row-small large-columns-1 medium-columns-3 small-columns-2\">\n\t\n<div class=\"product-small col has-hover product type-product post-1321 status-publish first instock product_cat-masculino product_cat-men-xxl has-post-thumbnail shipping-taxable product-type-simple\">\n\t<div class=\"col-inner\">\n\t\n<div class=\"badge-container absolute left top z-1\">\n<\/div>\n\t<div class=\"product-small box \">\n\t\t<div class=\"box-image\">\n\t\t\t<div class=\"image-fade_in_back\">\n\t\t\t\t<a href=\"https:\/\/expormanequins.com.br\/site\/product\/313\/\">\n\t\t\t\t\t<img loading=\"lazy\" decoding=\"async\" width=\"500\" height=\"500\" src=\"https:\/\/expormanequins.com.br\/site\/wp-content\/uploads\/2019\/12\/313-500x500.png\" class=\"attachment-woocommerce_thumbnail size-woocommerce_thumbnail\" alt=\"\" srcset=\"https:\/\/expormanequins.com.br\/site\/wp-content\/uploads\/2019\/12\/313-500x500.png 500w, https:\/\/expormanequins.com.br\/site\/wp-content\/uploads\/2019\/12\/313-800x800.png 800w, https:\/\/expormanequins.com.br\/site\/wp-content\/uploads\/2019\/12\/313-280x280.png 280w, https:\/\/expormanequins.com.br\/site\/wp-content\/uploads\/2019\/12\/313-768x768.png 768w, https:\/\/expormanequins.com.br\/site\/wp-content\/uploads\/2019\/12\/313-100x100.png 100w, https:\/\/expormanequins.com.br\/site\/wp-content\/uploads\/2019\/12\/313.png 1000w\" sizes=\"(max-width: 500px) 100vw, 500px\" \/>\t\t\t\t<\/a>\n\t\t\t<\/div>\n\t\t\t<div class=\"image-tools is-small top right show-on-hover\">\n\t\t\t\t\t\t\t<\/div>\n\t\t\t<div class=\"image-tools is-small hide-for-small bottom left show-on-hover\">\n\t\t\t\t\t\t\t<\/div>\n\t\t\t<div class=\"image-tools grid-tools text-center hide-for-small bottom hover-slide-in show-on-hover\">\n\t\t\t\t  <a class=\"quick-view\" data-prod=\"1321\" href=\"#quick-view\">Visualiza\u00e7\u00e3o R\u00e1pida<\/a>\t\t\t<\/div>\n\t\t\t\t\t<\/div><!-- box-image -->\n\n\t\t<div class=\"box-text box-text-products\">\n\t\t\t<div class=\"title-wrapper\"><p class=\"name product-title\"><a href=\"https:\/\/expormanequins.com.br\/site\/product\/313\/\">313<\/a><\/p><\/div><div class=\"price-wrapper\">\n<\/div>\t\t<\/div><!-- box-text -->\n\t<\/div><!-- box -->\n\t\t<\/div><!-- .col-inner -->\n<\/div><!-- col -->\n<\/div><!-- row --><\/div>\n<div class=\"accordion\" rel=\"\">\n<div class=\"accordion-item\"><a href=\"#\" class=\"accordion-title plain\"><button class=\"toggle\"><i class=\"icon-angle-down\"><\/i><\/button><span>Accordion Panel<\/span><\/a><div class=\"accordion-inner\">\n<table class=\"cosmopolitanTabela\">\n<thead>\n<th><\/th>\n<th>US<\/th>\n<th>BR<\/th>\n<th>\n<div class=\"yith-ywraq-add-to-quote add-to-quote-1321\">\n<div class=\"yith-ywraq-add-button2 show\" style=\"display:block\"><a href=\"#\" class=\"add-request-quote-button button2\" data-product_id=\"1321\" data-wp_nonce=\"768b625d12\"><img decoding=\"async\" class=\"wishlistImagem\" src=\"http:\/\/expormanequins.com.br\/site\/wp-content\/uploads\/2019\/11\/whish-list-01.png\"\/><\/a><\/div>\n<div class=\"yith_ywraq_add_item_response yith_ywraq_add_item_response_message\" style=\"display:none\">Produto adicionado<\/div>\n<div class=\"yith_ywraq_add_item_browse-list yith_ywraq_add_item_browse_message\" style=\"display:none\"><a href=\"http:\/\/expormanequins.com.br\/site\/wishlist\/\">Navegar na lista<\/a><\/div>\n<\/div>\n<\/th>\n<\/thead>\n<tbody>\n<tr>\n<td>ALTURA<\/td>\n<td>63&#8243;<\/td>\n<td>189 cm<\/td>\n<td rowspan=\"6\" colspan=\"2\"><\/td>\n<\/tr>\n<tr>\n<td>BUSTO<\/td>\n<td>39&#8243;<\/td>\n<td>118 cm<\/td>\n<td colspan=\"2\"><\/td>\n<\/tr>\n<tr>\n<td>CINTURA<\/td>\n<td>32&#8243;<\/td>\n<td>104 cm<\/td>\n<td colspan=\"2\"><\/td>\n<\/tr>\n<tr>\n<!--\n\n<td>QUADRIL<\/td>\n\n\n\n<td>37\"<\/td>\n\n\n\n<td>95 cm<\/td>\n\n\n\n<td colspan=\"2\"><\/td>\n\n<\/tr>\n\n--><\/p>\n<tr>\n<td>SAPATO<\/td>\n<td>12 1\/2\u201c<\/td>\n<td>44<\/td>\n<td colspan=\"2\"><\/td>\n<\/tr>\n<tr>\n<td>CABE\u00c7A<\/td>\n<td>PA50<\/td>\n<td><\/td>\n<td colspan=\"2\"><\/td>\n<\/tr>\n<tbody>\n<\/table>\n<\/div><\/div>\n<\/div>\n<\/div><\/div>\n\n<style scope=\"scope\">\n\n<\/style>\n<\/div>\n<div class=\"row\"  id=\"row-493077325\">\n<div class=\"col small-12 large-12\"  ><div class=\"col-inner\"  >\n<p class=\"voltarCosmopolitan\"><a href=\"http:\/\/expormanequins.com.br\/site\/masculino\/\">VOLTAR<\/a><\/p>\n<\/div><\/div>\n<\/div>\n<div class=\"gap-element\" style=\"display:block; height:auto; padding-top:30px\" class=\"clearfix\"><\/div>\n<div class=\"row\"  id=\"row-1147601252\">\n<div class=\"col small-12 large-12\"  ><div class=\"col-inner\"  >\n<div class=\"social-icons follow-icons full-width text-center\" ><a href=\"https:\/\/www.facebook.com\/ExporManequins?fref=ts\" target=\"_blank\" data-label=\"Facebook\"  rel=\"noopener noreferrer nofollow\" class=\"icon button circle is-outline facebook tooltip\" title=\"Follow on Facebook\"><i class=\"icon-facebook\" ><\/i><\/a><a href=\"https:\/\/www.instagram.com\/expormanequins\/\" target=\"_blank\" rel=\"noopener noreferrer nofollow\" data-label=\"Instagram\" class=\"icon button circle is-outline  instagram tooltip\" title=\"Follow on Instagram\"><i class=\"icon-instagram\" ><\/i><\/a><a href=\"https:\/\/www.linkedin.com\/company\/expor-mannequins\/?originalSubdomain=pt\" target=\"_blank\" rel=\"noopener noreferrer nofollow\" data-label=\"LinkedIn\" class=\"icon button circle is-outline  linkedin tooltip\" title=\"Follow on LinkedIn\"><i class=\"icon-linkedin\" ><\/i><\/a><\/div>\n<\/div><\/div>\n<\/div>\n","protected":false},"excerpt":{"rendered":"<p>COLE\u00c7\u00d5ES \/ MASCULINO<\/p>\n","protected":false},"author":1,"featured_media":0,"parent":0,"menu_order":1,"comment_status":"closed","ping_status":"closed","template":"page-blank.php","meta":{"footnotes":"","_joinchat":[]},"_links":{"self":[{"href":"https:\/\/expormanequins.com.br\/site\/wp-json\/wp\/v2\/pages\/1559"}],"collection":[{"href":"https:\/\/expormanequins.com.br\/site\/wp-json\/wp\/v2\/pages"}],"about":[{"href":"https:\/\/expormanequins.com.br\/site\/wp-json\/wp\/v2\/types\/page"}],"author":[{"embeddable":true,"href":"https:\/\/expormanequins.com.br\/site\/wp-json\/wp\/v2\/users\/1"}],"replies":[{"embeddable":true,"href":"https:\/\/expormanequins.com.br\/site\/wp-json\/wp\/v2\/comments?post=1559"}],"version-history":[{"count":0,"href":"https:\/\/expormanequins.com.br\/site\/wp-json\/wp\/v2\/pages\/1559\/revisions"}],"wp:attachment":[{"href":"https:\/\/expormanequins.com.br\/site\/wp-json\/wp\/v2\/media?parent=1559"}],"curies":[{"name":"wp","href":"https:\/\/api.w.org\/{rel}","templated":true}]}}