{"id":7492,"date":"2020-02-10T15:58:32","date_gmt":"2020-02-10T18:58:32","guid":{"rendered":"http:\/\/162.241.52.5\/~expormanequins\/novosite\/?page_id=7492"},"modified":"2020-02-10T18:46:49","modified_gmt":"2020-02-10T21:46:49","slug":"hans-boodt","status":"publish","type":"page","link":"https:\/\/expormanequins.com.br\/site\/es\/hans-boodt\/","title":{"rendered":"Hans Boodt"},"content":{"rendered":"<!-- START BannerHansBoodt REVOLUTION SLIDER 6.0.9 --><p class=\"rs-p-wp-fix\"><\/p>\n\t\t\t<rs-module-wrap id=\"rev_slider_15_1_wrapper\" data-source=\"gallery\" style=\"background:transparent;padding:0;margin:0px auto;margin-top:0;margin-bottom:0;\">\n\t\t\t\t<rs-module id=\"rev_slider_15_1\" style=\"display:none;\" data-version=\"6.0.9\">\n\t\t\t\t\t<rs-slides>\n\t\t\t\t\t\t<rs-slide data-key=\"rs-18\" data-title=\"Slide\" data-anim=\"ei:d;eo:d;s:1000;r:0;t:fade;sl:0;\">\n\t\t\t\t\t\t\t<img loading=\"lazy\" decoding=\"async\" src=\"\/\/expormanequins.com.br\/site\/wp-content\/uploads\/2020\/02\/hans-teste.png\" title=\"hans-teste\" width=\"1920\" height=\"837\" data-bg=\"p:130% 0%;\" class=\"rev-slidebg\" data-no-retina>\n<!---->\t\t\t\t\t\t<\/rs-slide>\n\t\t\t\t\t<\/rs-slides>\n\t\t\t\t\t<rs-progress class=\"rs-bottom\" style=\"visibility: hidden !important;\"><\/rs-progress>\n\t\t\t\t<\/rs-module>\n\t\t\t\t<script type=\"text\/javascript\">\n\t\t\t\t\tsetREVStartSize({c: 'rev_slider_15_1',rl:[1240,1024,778,480],el:[837],gw:[1920],gh:[837],layout:'fullwidth',mh:\"0\"});\n\t\t\t\t\tvar\trevapi15,\n\t\t\t\t\t\ttpj;\n\t\t\t\t\tjQuery(function() {\n\t\t\t\t\t\ttpj = jQuery;\n\t\t\t\t\t\tif(tpj(\"#rev_slider_15_1\").revolution == undefined){\n\t\t\t\t\t\t\trevslider_showDoubleJqueryError(\"#rev_slider_15_1\");\n\t\t\t\t\t\t}else{\n\t\t\t\t\t\t\trevapi15 = tpj(\"#rev_slider_15_1\").show().revolution({\n\t\t\t\t\t\t\t\tjsFileLocation:\"\/\/expormanequins.com.br\/site\/wp-content\/plugins\/revslider\/public\/assets\/js\/\",\n\t\t\t\t\t\t\t\tsliderLayout:\"fullwidth\",\n\t\t\t\t\t\t\t\tvisibilityLevels:\"1240,1024,778,480\",\n\t\t\t\t\t\t\t\tgridwidth:1920,\n\t\t\t\t\t\t\t\tgridheight:837,\n\t\t\t\t\t\t\t\tminHeight:\"\",\n\t\t\t\t\t\t\t\tspinner:\"spinner0\",\n\t\t\t\t\t\t\t\teditorheight:\"837,768,960,747\",\n\t\t\t\t\t\t\t\tresponsiveLevels:\"1240,1024,778,480\",\n\t\t\t\t\t\t\t\tdisableProgressBar:\"on\",\n\t\t\t\t\t\t\t\tnavigation: {\n\t\t\t\t\t\t\t\t\tonHoverStop:false\n\t\t\t\t\t\t\t\t},\n\t\t\t\t\t\t\t\tfallbacks: {\n\t\t\t\t\t\t\t\t\tallowHTML5AutoPlayOnAndroid:true\n\t\t\t\t\t\t\t\t},\n\t\t\t\t\t\t\t});\n\t\t\t\t\t\t}\n\t\t\t\t\t\t\n\t\t\t\t\t});\n\t\t\t\t<\/script>\n\t\t\t<\/rs-module-wrap>\n\t\t\t<!-- END REVOLUTION SLIDER -->\n\n<h3 class=\"lifestyleTituloPrincipal\">HANS BOODT<\/h3>\n<div class=\"gap-element\" style=\"display:block; height:auto; padding-top:0px\"><\/div>\n<div class=\"row\"  id=\"row-196346223\">\n<div class=\"col medium-2 small-12 large-2\"  ><div class=\"col-inner\"  >\n<\/div><\/div>\n<div class=\"col medium-8 small-12 large-8\"  ><div class=\"col-inner\"  >\n<p style=\"text-align: justify;\">Logo Expor ManequinsLogo Hans BoodtNosotros de Expor Maniqu\u00edes somos apasionados por lo que hacemos y al elegir a nuestros aliados buscamos la misma pasi\u00f3n. Somos l\u00edderes del mercado latinoamericano, y desde 2013 somos Distribuidores Exclusivos de Hans Boodt en Latinoam\u00e9rica.<\/p>\n<p style=\"text-align: justify;\">La l\u00ednea de maniqu\u00edes de Hans Boodt vino para complementar estrat\u00e9gicamente la variedad de modelos ofrecidos por Expor al mercado latinoamericano, siendo tambi\u00e9n una oportunidad para Hans Boodt de ofrecer atenci\u00f3n de primera calidad a sus clientes europeos que est\u00e1n expandiendo sus negocios a Latinoam\u00e9rica.<\/p>\n<p style=\"text-align: justify;\">Hans Boodt ha invertido fuertemente en dise\u00f1o, creando personajes que destacan en el panorama de los escaparates, entre los cuales, los ya consagrados entre nuestros clientes, Ugly\u2019s, Kissing Couple, Shapes, Shoelace, Movement, y tantos otros que ayudan a componer el ambiente en las tiendas, causando empat\u00eda e incrementando las ventas minoristas.<\/p>\n<p style=\"text-align: justify;\">El cuidado con sus colecciones, la atenci\u00f3n personalizada al cliente y la experiencia en la soluci\u00f3n ideal son valores compartidos que hicieron de esta alianza un camino natural para que las empresas a\u00fanen sus esfuerzos y conocimientos en el mercado latinoamericano.<\/p>\n<a href=\"https:\/\/www.hansboodtmanequinsparaloja.com.br\/\" target=\"_self\" class=\"button primary is-outline lowercase botao-encomenda\"  >\n    <span>Vea aqu\u00ed los manequ\u00edes disponibles<\/span>\n  <\/a>\n\n<\/div><\/div>\n<div class=\"col medium-2 small-12 large-2\"  ><div class=\"col-inner\"  >\n<\/div><\/div>\n<\/div>\n<div class=\"row\"  id=\"row-1702663372\">\n<div class=\"col small-12 large-12\"  ><div class=\"col-inner\"  >\n<div class=\"social-icons follow-icons full-width text-center\" ><a href=\"https:\/\/www.facebook.com\/ExporManequins?fref=ts\" target=\"_blank\" data-label=\"Facebook\"  rel=\"noopener noreferrer nofollow\" class=\"icon button circle is-outline facebook tooltip\" title=\"S\u00edguenos en Facebook\"><i class=\"icon-facebook\" ><\/i><\/a><a href=\"https:\/\/www.instagram.com\/expormanequins\/\" target=\"_blank\" rel=\"noopener noreferrer nofollow\" data-label=\"Instagram\" class=\"icon button circle is-outline  instagram tooltip\" title=\"S\u00edguenos en Instagram\"><i class=\"icon-instagram\" ><\/i><\/a><a href=\"https:\/\/www.linkedin.com\/company\/expor-mannequins\/?originalSubdomain=pt\" target=\"_blank\" rel=\"noopener noreferrer nofollow\" data-label=\"LinkedIn\" class=\"icon button circle is-outline  linkedin tooltip\" title=\"Follow on LinkedIn\"><i class=\"icon-linkedin\" ><\/i><\/a><\/div>\n<\/div><\/div>\n<\/div>","protected":false},"excerpt":{"rendered":"<p>HANS BOODT<\/p>","protected":false},"author":1,"featured_media":0,"parent":0,"menu_order":1,"comment_status":"closed","ping_status":"closed","template":"page-blank.php","meta":{"footnotes":"","_joinchat":[]},"_links":{"self":[{"href":"https:\/\/expormanequins.com.br\/site\/es\/wp-json\/wp\/v2\/pages\/7492"}],"collection":[{"href":"https:\/\/expormanequins.com.br\/site\/es\/wp-json\/wp\/v2\/pages"}],"about":[{"href":"https:\/\/expormanequins.com.br\/site\/es\/wp-json\/wp\/v2\/types\/page"}],"author":[{"embeddable":true,"href":"https:\/\/expormanequins.com.br\/site\/es\/wp-json\/wp\/v2\/users\/1"}],"replies":[{"embeddable":true,"href":"https:\/\/expormanequins.com.br\/site\/es\/wp-json\/wp\/v2\/comments?post=7492"}],"version-history":[{"count":0,"href":"https:\/\/expormanequins.com.br\/site\/es\/wp-json\/wp\/v2\/pages\/7492\/revisions"}],"wp:attachment":[{"href":"https:\/\/expormanequins.com.br\/site\/es\/wp-json\/wp\/v2\/media?parent=7492"}],"curies":[{"name":"wp","href":"https:\/\/api.w.org\/{rel}","templated":true}]}}